{"id":1900,"date":"2022-03-07T14:58:31","date_gmt":"2022-03-07T14:58:31","guid":{"rendered":"https:\/\/demo.logobee.com\/demo\/synclusive\/?page_id=1900"},"modified":"2022-10-20T18:22:34","modified_gmt":"2022-10-20T18:22:34","slug":"about-test","status":"publish","type":"page","link":"https:\/\/demo.logobee.com\/demo\/synclusive\/fr\/about-test\/","title":{"rendered":"\u00c0 Propos"},"content":{"rendered":"\t\t<div data-elementor-type=\"wp-page\" data-elementor-id=\"1900\" class=\"elementor elementor-1900 elementor-20\">\n\t\t\t\t\t\t\t\t\t<section class=\"elementor-section elementor-top-section elementor-element elementor-element-ae8c68c elementor-section-boxed elementor-section-height-default elementor-section-height-default\" data-id=\"ae8c68c\" data-element_type=\"section\" data-settings=\"{&quot;background_background&quot;:&quot;classic&quot;}\">\n\t\t\t\t\t\t<div class=\"elementor-container elementor-column-gap-default\">\n\t\t\t\t\t<div class=\"elementor-column elementor-col-100 elementor-top-column elementor-element elementor-element-02d26f2\" data-id=\"02d26f2\" data-element_type=\"column\">\n\t\t\t<div class=\"elementor-widget-wrap elementor-element-populated\">\n\t\t\t\t\t\t\t\t<section class=\"elementor-section elementor-inner-section elementor-element elementor-element-d2f7d8f elementor-section-boxed elementor-section-height-default elementor-section-height-default\" data-id=\"d2f7d8f\" data-element_type=\"section\">\n\t\t\t\t\t\t<div class=\"elementor-container elementor-column-gap-default\">\n\t\t\t\t\t<div class=\"elementor-column elementor-col-33 elementor-inner-column elementor-element elementor-element-a68994e elementor-invisible\" data-id=\"a68994e\" data-element_type=\"column\" data-settings=\"{&quot;animation&quot;:&quot;slideInLeft&quot;}\">\n\t\t\t<div class=\"elementor-widget-wrap elementor-element-populated\">\n\t\t\t\t\t\t\t\t<div class=\"elementor-element elementor-element-47acdea elementor-widget elementor-widget-heading\" data-id=\"47acdea\" data-element_type=\"widget\" data-widget_type=\"heading.default\">\n\t\t\t\t<div class=\"elementor-widget-container\">\n\t\t\t<style>\/*! elementor - v3.10.0 - 09-01-2023 *\/\n.elementor-heading-title{padding:0;margin:0;line-height:1}.elementor-widget-heading .elementor-heading-title[class*=elementor-size-]>a{color:inherit;font-size:inherit;line-height:inherit}.elementor-widget-heading .elementor-heading-title.elementor-size-small{font-size:15px}.elementor-widget-heading .elementor-heading-title.elementor-size-medium{font-size:19px}.elementor-widget-heading .elementor-heading-title.elementor-size-large{font-size:29px}.elementor-widget-heading .elementor-heading-title.elementor-size-xl{font-size:39px}.elementor-widget-heading .elementor-heading-title.elementor-size-xxl{font-size:59px}<\/style><h2 class=\"elementor-heading-title elementor-size-default\">SOUTENIR LA DIVERSIT\u00c9<\/h2>\t\t<\/div>\n\t\t\t\t<\/div>\n\t\t\t\t<div class=\"elementor-element elementor-element-fce4c71 elementor-widget elementor-widget-heading\" data-id=\"fce4c71\" data-element_type=\"widget\" data-widget_type=\"heading.default\">\n\t\t\t\t<div class=\"elementor-widget-container\">\n\t\t\t<h2 class=\"elementor-heading-title elementor-size-default\">\u00c0 propos de Synclusiv<\/h2>\t\t<\/div>\n\t\t\t\t<\/div>\n\t\t\t\t<div class=\"elementor-element elementor-element-e932616 elementor-widget elementor-widget-text-editor\" data-id=\"e932616\" data-element_type=\"widget\" data-widget_type=\"text-editor.default\">\n\t\t\t\t<div class=\"elementor-widget-container\">\n\t\t\t<style>\/*! elementor - v3.10.0 - 09-01-2023 *\/\n.elementor-widget-text-editor.elementor-drop-cap-view-stacked .elementor-drop-cap{background-color:#818a91;color:#fff}.elementor-widget-text-editor.elementor-drop-cap-view-framed .elementor-drop-cap{color:#818a91;border:3px solid;background-color:transparent}.elementor-widget-text-editor:not(.elementor-drop-cap-view-default) .elementor-drop-cap{margin-top:8px}.elementor-widget-text-editor:not(.elementor-drop-cap-view-default) .elementor-drop-cap-letter{width:1em;height:1em}.elementor-widget-text-editor .elementor-drop-cap{float:left;text-align:center;line-height:1;font-size:50px}.elementor-widget-text-editor .elementor-drop-cap-letter{display:inline-block}<\/style>\t\t\t\t<p>Notre mission est de soutenir les organisations dans le maintien de la diversit\u00e9 gr\u00e2ce \u00e0 des lieux de travail plus inclusifs et de fournir des ressources de leadership con\u00e7ues sp\u00e9cifiquement pour permettre aux membres des groupes sous-repr\u00e9sent\u00e9s de r\u00e9ussir. Rejoignez-nous pour cr\u00e9er une communaut\u00e9 de personnes et d&rsquo;organisations inclusives.<\/p><p>\u00a0<\/p><p>\u00a0<\/p>\t\t\t\t\t\t<\/div>\n\t\t\t\t<\/div>\n\t\t\t\t\t<\/div>\n\t\t<\/div>\n\t\t\t\t<div class=\"elementor-column elementor-col-33 elementor-inner-column elementor-element elementor-element-02823cf\" data-id=\"02823cf\" data-element_type=\"column\">\n\t\t\t<div class=\"elementor-widget-wrap\">\n\t\t\t\t\t\t\t\t\t<\/div>\n\t\t<\/div>\n\t\t\t\t<div class=\"elementor-column elementor-col-33 elementor-inner-column elementor-element elementor-element-c0be67a\" data-id=\"c0be67a\" data-element_type=\"column\">\n\t\t\t<div class=\"elementor-widget-wrap elementor-element-populated\">\n\t\t\t\t\t\t\t\t<div class=\"elementor-element elementor-element-48aac4c elementor-widget elementor-widget-image\" data-id=\"48aac4c\" data-element_type=\"widget\" data-widget_type=\"image.default\">\n\t\t\t\t<div class=\"elementor-widget-container\">\n\t\t\t<style>\/*! elementor - v3.10.0 - 09-01-2023 *\/\n.elementor-widget-image{text-align:center}.elementor-widget-image a{display:inline-block}.elementor-widget-image a img[src$=\".svg\"]{width:48px}.elementor-widget-image img{vertical-align:middle;display:inline-block}<\/style>\t\t\t\t\t\t\t\t\t\t\t\t<img loading=\"lazy\" decoding=\"async\" width=\"800\" height=\"476\" src=\"https:\/\/demo.logobee.com\/demo\/synclusive\/wp-content\/uploads\/2022\/05\/shutterstock_358804547-1024x609.jpg\" class=\"attachment-large size-large wp-image-3205\" alt=\"\" srcset=\"https:\/\/demo.logobee.com\/demo\/synclusive\/wp-content\/uploads\/2022\/05\/shutterstock_358804547-1024x609.jpg 1024w, https:\/\/demo.logobee.com\/demo\/synclusive\/wp-content\/uploads\/2022\/05\/shutterstock_358804547-300x178.jpg 300w, https:\/\/demo.logobee.com\/demo\/synclusive\/wp-content\/uploads\/2022\/05\/shutterstock_358804547-768x457.jpg 768w, https:\/\/demo.logobee.com\/demo\/synclusive\/wp-content\/uploads\/2022\/05\/shutterstock_358804547-1536x914.jpg 1536w, https:\/\/demo.logobee.com\/demo\/synclusive\/wp-content\/uploads\/2022\/05\/shutterstock_358804547-2048x1218.jpg 2048w\" sizes=\"auto, (max-width: 800px) 100vw, 800px\" \/>\t\t\t\t\t\t\t\t\t\t\t\t\t\t\t<\/div>\n\t\t\t\t<\/div>\n\t\t\t\t\t<\/div>\n\t\t<\/div>\n\t\t\t\t\t\t\t<\/div>\n\t\t<\/section>\n\t\t\t\t<section class=\"elementor-section elementor-inner-section elementor-element elementor-element-c81cf19 elementor-section-boxed elementor-section-height-default elementor-section-height-default\" data-id=\"c81cf19\" data-element_type=\"section\" data-settings=\"{&quot;background_background&quot;:&quot;classic&quot;}\">\n\t\t\t\t\t\t<div class=\"elementor-container elementor-column-gap-default\">\n\t\t\t\t\t<div class=\"elementor-column elementor-col-100 elementor-inner-column elementor-element elementor-element-c01f366 elementor-invisible\" data-id=\"c01f366\" data-element_type=\"column\" data-settings=\"{&quot;animation&quot;:&quot;slideInLeft&quot;}\">\n\t\t\t<div class=\"elementor-widget-wrap elementor-element-populated\">\n\t\t\t\t\t\t\t\t<div class=\"elementor-element elementor-element-3811f06 elementor-widget elementor-widget-heading\" data-id=\"3811f06\" data-element_type=\"widget\" data-widget_type=\"heading.default\">\n\t\t\t\t<div class=\"elementor-widget-container\">\n\t\t\t<h2 class=\"elementor-heading-title elementor-size-default\"><br><br>POURQUOI SYNCLUSIv?<\/h2>\t\t<\/div>\n\t\t\t\t<\/div>\n\t\t\t\t<div class=\"elementor-element elementor-element-4f803bb elementor-widget__width-initial elementor-widget-mobile__width-inherit elementor-widget elementor-widget-text-editor\" data-id=\"4f803bb\" data-element_type=\"widget\" data-widget_type=\"text-editor.default\">\n\t\t\t\t<div class=\"elementor-widget-container\">\n\t\t\t\t\t\t\t<ul><li><p>Sans inclusion, le maintien de la diversit\u00e9 est en danger<\/p><\/li><li><p>Pour r\u00e9colter les fruits de la diversit\u00e9, l&rsquo;inclusion est essentielle<\/p><\/li><li><p>L&rsquo;inclusion est difficile \u00e0 mesurer<\/p><\/li><li><p>Les organisations ont besoin de conseils pour combler durablement les lacunes<\/p><\/li><li><p>Compte tenu de la complexit\u00e9 de la diversit\u00e9, le chef de la diversit\u00e9 a besoin des bons outils et du soutien pour \u00eatre efficace<\/p><\/li><li><p>Les GRE sont dirig\u00e9s par des d\u00e9fenseurs et des alli\u00e9s passionn\u00e9s, mais manquent de structure et de ressources pour avoir un impact<\/p><\/li><\/ul><ul><li><p>La plupart des fonctions de diversit\u00e9 et d&rsquo;inclusion, m\u00eame dans les grandes entreprises, sont sous-financ\u00e9es<\/p><\/li><li>Le chef de la diversit\u00e9 est de plus en plus reconnu comme un r\u00f4le strat\u00e9gique<\/li><\/ul>\t\t\t\t\t\t<\/div>\n\t\t\t\t<\/div>\n\t\t\t\t\t<\/div>\n\t\t<\/div>\n\t\t\t\t\t\t\t<\/div>\n\t\t<\/section>\n\t\t\t\t\t<\/div>\n\t\t<\/div>\n\t\t\t\t\t\t\t<\/div>\n\t\t<\/section>\n\t\t\t\t<section class=\"elementor-section elementor-top-section elementor-element elementor-element-7c46d13 elementor-section-boxed elementor-section-height-default elementor-section-height-default\" data-id=\"7c46d13\" data-element_type=\"section\" data-settings=\"{&quot;background_background&quot;:&quot;classic&quot;}\">\n\t\t\t\t\t\t<div class=\"elementor-container elementor-column-gap-default\">\n\t\t\t\t\t<div class=\"elementor-column elementor-col-100 elementor-top-column elementor-element elementor-element-48f7e6f\" data-id=\"48f7e6f\" data-element_type=\"column\">\n\t\t\t<div class=\"elementor-widget-wrap elementor-element-populated\">\n\t\t\t\t\t\t\t\t<section class=\"elementor-section elementor-inner-section elementor-element elementor-element-e66a8f2 elementor-section-full_width elementor-section-content-middle elementor-reverse-mobile elementor-section-height-default elementor-section-height-default\" data-id=\"e66a8f2\" data-element_type=\"section\">\n\t\t\t\t\t\t<div class=\"elementor-container elementor-column-gap-default\">\n\t\t\t\t\t<div class=\"elementor-column elementor-col-50 elementor-inner-column elementor-element elementor-element-18329b6\" data-id=\"18329b6\" data-element_type=\"column\">\n\t\t\t<div class=\"elementor-widget-wrap elementor-element-populated\">\n\t\t\t\t\t\t\t\t<div class=\"elementor-element elementor-element-95b93a9 elementor-hidden-mobile elementor-widget elementor-widget-image\" data-id=\"95b93a9\" data-element_type=\"widget\" data-widget_type=\"image.default\">\n\t\t\t\t<div class=\"elementor-widget-container\">\n\t\t\t\t\t\t\t\t\t\t\t\t\t\t\t<img loading=\"lazy\" decoding=\"async\" width=\"686\" height=\"369\" src=\"https:\/\/demo.logobee.com\/demo\/synclusive\/wp-content\/uploads\/2022\/03\/Asset-1.png\" class=\"attachment-large size-large wp-image-631\" alt=\"\" srcset=\"https:\/\/demo.logobee.com\/demo\/synclusive\/wp-content\/uploads\/2022\/03\/Asset-1.png 686w, https:\/\/demo.logobee.com\/demo\/synclusive\/wp-content\/uploads\/2022\/03\/Asset-1-300x161.png 300w\" sizes=\"auto, (max-width: 686px) 100vw, 686px\" \/>\t\t\t\t\t\t\t\t\t\t\t\t\t\t\t<\/div>\n\t\t\t\t<\/div>\n\t\t\t\t<div class=\"elementor-element elementor-element-64c5e12 elementor-hidden-desktop elementor-hidden-tablet elementor-widget elementor-widget-image\" data-id=\"64c5e12\" data-element_type=\"widget\" data-widget_type=\"image.default\">\n\t\t\t\t<div class=\"elementor-widget-container\">\n\t\t\t\t\t\t\t\t\t\t\t\t\t\t\t<img loading=\"lazy\" decoding=\"async\" width=\"361\" height=\"310\" src=\"https:\/\/demo.logobee.com\/demo\/synclusive\/wp-content\/uploads\/2022\/03\/Asset-1-1.png\" class=\"attachment-large size-large wp-image-642\" alt=\"\" srcset=\"https:\/\/demo.logobee.com\/demo\/synclusive\/wp-content\/uploads\/2022\/03\/Asset-1-1.png 361w, https:\/\/demo.logobee.com\/demo\/synclusive\/wp-content\/uploads\/2022\/03\/Asset-1-1-300x258.png 300w\" sizes=\"auto, (max-width: 361px) 100vw, 361px\" \/>\t\t\t\t\t\t\t\t\t\t\t\t\t\t\t<\/div>\n\t\t\t\t<\/div>\n\t\t\t\t\t<\/div>\n\t\t<\/div>\n\t\t\t\t<div class=\"elementor-column elementor-col-50 elementor-inner-column elementor-element elementor-element-4f21404\" data-id=\"4f21404\" data-element_type=\"column\">\n\t\t\t<div class=\"elementor-widget-wrap elementor-element-populated\">\n\t\t\t\t\t\t\t\t<div class=\"elementor-element elementor-element-1de441d elementor-widget elementor-widget-heading\" data-id=\"1de441d\" data-element_type=\"widget\" data-widget_type=\"heading.default\">\n\t\t\t\t<div class=\"elementor-widget-container\">\n\t\t\t<span class=\"elementor-heading-title elementor-size-default\">REJOIGNEZ NOTRE<\/span>\t\t<\/div>\n\t\t\t\t<\/div>\n\t\t\t\t<div class=\"elementor-element elementor-element-e60fe36 elementor-widget elementor-widget-heading\" data-id=\"e60fe36\" data-element_type=\"widget\" data-widget_type=\"heading.default\">\n\t\t\t\t<div class=\"elementor-widget-container\">\n\t\t\t<h2 class=\"elementor-heading-title elementor-size-default\">INFOLETTRE<\/h2>\t\t<\/div>\n\t\t\t\t<\/div>\n\t\t\t\t<div class=\"elementor-element elementor-element-cd7ade6 elementor-widget__width-initial elementor-invisible elementor-widget elementor-widget-button\" data-id=\"cd7ade6\" data-element_type=\"widget\" data-settings=\"{&quot;_animation&quot;:&quot;slideInRight&quot;}\" data-widget_type=\"button.default\">\n\t\t\t\t<div class=\"elementor-widget-container\">\n\t\t\t\t\t<div class=\"elementor-button-wrapper\">\n\t\t\t<a href=\"https:\/\/synclusiv.us20.list-manage.com\/subscribe?u=4a153cf45e0c6f4b89a266bab&#038;id=3a48b44f2e%20\" class=\"elementor-button-link elementor-button elementor-size-sm\" role=\"button\">\n\t\t\t\t\t\t<span class=\"elementor-button-content-wrapper\">\n\t\t\t\t\t\t<span class=\"elementor-button-text\">S'abonner<\/span>\n\t\t<\/span>\n\t\t\t\t\t<\/a>\n\t\t<\/div>\n\t\t\t\t<\/div>\n\t\t\t\t<\/div>\n\t\t\t\t\t<\/div>\n\t\t<\/div>\n\t\t\t\t\t\t\t<\/div>\n\t\t<\/section>\n\t\t\t\t\t<\/div>\n\t\t<\/div>\n\t\t\t\t\t\t\t<\/div>\n\t\t<\/section>\n\t\t\t\t\t\t\t<\/div>\n\t\t","protected":false},"excerpt":{"rendered":"<p>SOUTENIR LA DIVERSIT\u00c9 \u00c0 propos de Synclusiv Notre mission est de soutenir les organisations dans le maintien de la diversit\u00e9 gr\u00e2ce \u00e0 des lieux de travail plus inclusifs et de fournir des ressources de leadership con\u00e7ues sp\u00e9cifiquement pour permettre aux membres des groupes sous-repr\u00e9sent\u00e9s de r\u00e9ussir. Rejoignez-nous pour cr\u00e9er une communaut\u00e9 de personnes et d&rsquo;organisations [&hellip;]<\/p>\n","protected":false},"author":1,"featured_media":0,"parent":0,"menu_order":0,"comment_status":"closed","ping_status":"closed","template":"","meta":{"inline_featured_image":false,"footnotes":""},"class_list":["post-1900","page","type-page","status-publish","hentry"],"acf":[],"_links":{"self":[{"href":"https:\/\/demo.logobee.com\/demo\/synclusive\/fr\/wp-json\/wp\/v2\/pages\/1900","targetHints":{"allow":["GET"]}}],"collection":[{"href":"https:\/\/demo.logobee.com\/demo\/synclusive\/fr\/wp-json\/wp\/v2\/pages"}],"about":[{"href":"https:\/\/demo.logobee.com\/demo\/synclusive\/fr\/wp-json\/wp\/v2\/types\/page"}],"author":[{"embeddable":true,"href":"https:\/\/demo.logobee.com\/demo\/synclusive\/fr\/wp-json\/wp\/v2\/users\/1"}],"replies":[{"embeddable":true,"href":"https:\/\/demo.logobee.com\/demo\/synclusive\/fr\/wp-json\/wp\/v2\/comments?post=1900"}],"version-history":[{"count":66,"href":"https:\/\/demo.logobee.com\/demo\/synclusive\/fr\/wp-json\/wp\/v2\/pages\/1900\/revisions"}],"predecessor-version":[{"id":4696,"href":"https:\/\/demo.logobee.com\/demo\/synclusive\/fr\/wp-json\/wp\/v2\/pages\/1900\/revisions\/4696"}],"wp:attachment":[{"href":"https:\/\/demo.logobee.com\/demo\/synclusive\/fr\/wp-json\/wp\/v2\/media?parent=1900"}],"curies":[{"name":"wp","href":"https:\/\/api.w.org\/{rel}","templated":true}]}}