{"id":1991,"date":"2022-03-09T18:36:51","date_gmt":"2022-03-09T18:36:51","guid":{"rendered":"https:\/\/demo.logobee.com\/demo\/synclusive\/?page_id=1991"},"modified":"2022-05-20T22:14:24","modified_gmt":"2022-05-20T22:14:24","slug":"coaching-consulting","status":"publish","type":"page","link":"https:\/\/demo.logobee.com\/demo\/synclusive\/fr\/programs-services\/coaching-consulting\/","title":{"rendered":"Services-conseils"},"content":{"rendered":"\t\t<div data-elementor-type=\"wp-page\" data-elementor-id=\"1991\" class=\"elementor elementor-1991 elementor-530\">\n\t\t\t\t\t\t\t\t\t<section class=\"elementor-section elementor-top-section elementor-element elementor-element-b05b64f elementor-section-boxed elementor-section-height-default elementor-section-height-default\" data-id=\"b05b64f\" data-element_type=\"section\" data-settings=\"{&quot;background_background&quot;:&quot;classic&quot;}\">\n\t\t\t\t\t\t\t<div class=\"elementor-background-overlay\"><\/div>\n\t\t\t\t\t\t\t<div class=\"elementor-container elementor-column-gap-default\">\n\t\t\t\t\t<div class=\"elementor-column elementor-col-100 elementor-top-column elementor-element elementor-element-bf7ad63\" data-id=\"bf7ad63\" data-element_type=\"column\">\n\t\t\t<div class=\"elementor-widget-wrap elementor-element-populated\">\n\t\t\t\t\t\t\t\t<section class=\"elementor-section elementor-inner-section elementor-element elementor-element-a8f7174 elementor-section-boxed elementor-section-height-default elementor-section-height-default\" data-id=\"a8f7174\" data-element_type=\"section\">\n\t\t\t\t\t\t<div class=\"elementor-container elementor-column-gap-default\">\n\t\t\t\t\t<div class=\"elementor-column elementor-col-100 elementor-inner-column elementor-element elementor-element-49619eb\" data-id=\"49619eb\" data-element_type=\"column\">\n\t\t\t<div class=\"elementor-widget-wrap elementor-element-populated\">\n\t\t\t\t\t\t\t\t<div class=\"elementor-element elementor-element-f816b63 elementor-invisible elementor-widget elementor-widget-heading\" data-id=\"f816b63\" data-element_type=\"widget\" data-settings=\"{&quot;_animation&quot;:&quot;slideInLeft&quot;}\" data-widget_type=\"heading.default\">\n\t\t\t\t<div class=\"elementor-widget-container\">\n\t\t\t<style>\/*! elementor - v3.10.0 - 09-01-2023 *\/\n.elementor-heading-title{padding:0;margin:0;line-height:1}.elementor-widget-heading .elementor-heading-title[class*=elementor-size-]>a{color:inherit;font-size:inherit;line-height:inherit}.elementor-widget-heading .elementor-heading-title.elementor-size-small{font-size:15px}.elementor-widget-heading .elementor-heading-title.elementor-size-medium{font-size:19px}.elementor-widget-heading .elementor-heading-title.elementor-size-large{font-size:29px}.elementor-widget-heading .elementor-heading-title.elementor-size-xl{font-size:39px}.elementor-widget-heading .elementor-heading-title.elementor-size-xxl{font-size:59px}<\/style><h1 class=\"elementor-heading-title elementor-size-default\">Programmes et services | <span>Services-conseils<span style=\"color: rgb(0, 0, 0); display: inline !important;\"><\/span><\/span><\/h1>\t\t<\/div>\n\t\t\t\t<\/div>\n\t\t\t\t\t<\/div>\n\t\t<\/div>\n\t\t\t\t\t\t\t<\/div>\n\t\t<\/section>\n\t\t\t\t<section class=\"elementor-section elementor-inner-section elementor-element elementor-element-f599deb elementor-reverse-mobile elementor-section-boxed elementor-section-height-default elementor-section-height-default\" data-id=\"f599deb\" data-element_type=\"section\">\n\t\t\t\t\t\t<div class=\"elementor-container elementor-column-gap-default\">\n\t\t\t\t\t<div class=\"elementor-column elementor-col-50 elementor-inner-column elementor-element elementor-element-7a9d156\" data-id=\"7a9d156\" data-element_type=\"column\">\n\t\t\t<div class=\"elementor-widget-wrap elementor-element-populated\">\n\t\t\t\t\t\t\t\t<div class=\"elementor-element elementor-element-c72ebe3 elementor-widget elementor-widget-image\" data-id=\"c72ebe3\" data-element_type=\"widget\" data-widget_type=\"image.default\">\n\t\t\t\t<div class=\"elementor-widget-container\">\n\t\t\t<style>\/*! elementor - v3.10.0 - 09-01-2023 *\/\n.elementor-widget-image{text-align:center}.elementor-widget-image a{display:inline-block}.elementor-widget-image a img[src$=\".svg\"]{width:48px}.elementor-widget-image img{vertical-align:middle;display:inline-block}<\/style>\t\t\t\t\t\t\t\t\t\t\t\t<img loading=\"lazy\" decoding=\"async\" width=\"600\" height=\"365\" src=\"https:\/\/demo.logobee.com\/demo\/synclusive\/wp-content\/uploads\/2022\/03\/0-02-0a-2c14f6381f9e208951b01c11f39b0b99bd21e532e6c95f5aad437da8460ad4b5_a93826b1c3bfc914.png\" class=\"attachment-large size-large wp-image-540\" alt=\"\" srcset=\"https:\/\/demo.logobee.com\/demo\/synclusive\/wp-content\/uploads\/2022\/03\/0-02-0a-2c14f6381f9e208951b01c11f39b0b99bd21e532e6c95f5aad437da8460ad4b5_a93826b1c3bfc914.png 600w, https:\/\/demo.logobee.com\/demo\/synclusive\/wp-content\/uploads\/2022\/03\/0-02-0a-2c14f6381f9e208951b01c11f39b0b99bd21e532e6c95f5aad437da8460ad4b5_a93826b1c3bfc914-300x183.png 300w\" sizes=\"auto, (max-width: 600px) 100vw, 600px\" \/>\t\t\t\t\t\t\t\t\t\t\t\t\t\t\t<\/div>\n\t\t\t\t<\/div>\n\t\t\t\t\t<\/div>\n\t\t<\/div>\n\t\t\t\t<div class=\"elementor-column elementor-col-50 elementor-inner-column elementor-element elementor-element-0037e3b\" data-id=\"0037e3b\" data-element_type=\"column\">\n\t\t\t<div class=\"elementor-widget-wrap elementor-element-populated\">\n\t\t\t\t\t\t\t\t<div class=\"elementor-element elementor-element-276d7f2 elementor-widget elementor-widget-text-editor\" data-id=\"276d7f2\" data-element_type=\"widget\" data-widget_type=\"text-editor.default\">\n\t\t\t\t<div class=\"elementor-widget-container\">\n\t\t\t<style>\/*! elementor - v3.10.0 - 09-01-2023 *\/\n.elementor-widget-text-editor.elementor-drop-cap-view-stacked .elementor-drop-cap{background-color:#818a91;color:#fff}.elementor-widget-text-editor.elementor-drop-cap-view-framed .elementor-drop-cap{color:#818a91;border:3px solid;background-color:transparent}.elementor-widget-text-editor:not(.elementor-drop-cap-view-default) .elementor-drop-cap{margin-top:8px}.elementor-widget-text-editor:not(.elementor-drop-cap-view-default) .elementor-drop-cap-letter{width:1em;height:1em}.elementor-widget-text-editor .elementor-drop-cap{float:left;text-align:center;line-height:1;font-size:50px}.elementor-widget-text-editor .elementor-drop-cap-letter{display:inline-block}<\/style>\t\t\t\t<p>Des approches plus globales, inclusives et centr\u00e9es sur l\u2019humain en mati\u00e8re de prise de d\u00e9cision sont n\u00e9cessaires pour r\u00e9aliser des progr\u00e8s durables et assurer l\u2019avenir des organisations canadiennes, ainsi que pour renforcer l\u2019engagement des employ\u00e9.e.s.<\/p>\t\t\t\t\t\t<\/div>\n\t\t\t\t<\/div>\n\t\t\t\t<div class=\"elementor-element elementor-element-3276b8a elementor-widget elementor-widget-text-editor\" data-id=\"3276b8a\" data-element_type=\"widget\" data-widget_type=\"text-editor.default\">\n\t\t\t\t<div class=\"elementor-widget-container\">\n\t\t\t\t\t\t\t<p>Les services-conseils Synclusiv sont con\u00e7us pour faciliter le traitement des lacunes d\u00e9cel\u00e9es au moyen d\u2019actions concr\u00e8tes qui peuvent \u00eatre mises en \u0153uvre \u00e0 court ou moyen terme afin de cr\u00e9er un milieu de travail plus inclusif. Ces actions serviront de fondement pour la cr\u00e9ation de milieux de travail inclusifs durables.<\/p>\t\t\t\t\t\t<\/div>\n\t\t\t\t<\/div>\n\t\t\t\t\t<\/div>\n\t\t<\/div>\n\t\t\t\t\t\t\t<\/div>\n\t\t<\/section>\n\t\t\t\t\t<\/div>\n\t\t<\/div>\n\t\t\t\t\t\t\t<\/div>\n\t\t<\/section>\n\t\t\t\t<section class=\"elementor-section elementor-top-section elementor-element elementor-element-1e1091f elementor-section-boxed elementor-section-height-default elementor-section-height-default\" data-id=\"1e1091f\" data-element_type=\"section\" data-settings=\"{&quot;background_background&quot;:&quot;classic&quot;}\">\n\t\t\t\t\t\t<div class=\"elementor-container elementor-column-gap-default\">\n\t\t\t\t\t<div class=\"elementor-column elementor-col-100 elementor-top-column elementor-element elementor-element-2945175\" data-id=\"2945175\" data-element_type=\"column\">\n\t\t\t<div class=\"elementor-widget-wrap elementor-element-populated\">\n\t\t\t\t\t\t\t\t<section class=\"elementor-section elementor-inner-section elementor-element elementor-element-1a1f065 elementor-section-boxed elementor-section-height-default elementor-section-height-default\" data-id=\"1a1f065\" data-element_type=\"section\">\n\t\t\t\t\t\t<div class=\"elementor-container elementor-column-gap-default\">\n\t\t\t\t\t<div class=\"elementor-column elementor-col-50 elementor-inner-column elementor-element elementor-element-39aef41\" data-id=\"39aef41\" data-element_type=\"column\">\n\t\t\t<div class=\"elementor-widget-wrap elementor-element-populated\">\n\t\t\t\t\t\t\t\t<div class=\"elementor-element elementor-element-b3aed9d elementor-widget elementor-widget-heading\" data-id=\"b3aed9d\" data-element_type=\"widget\" data-widget_type=\"heading.default\">\n\t\t\t\t<div class=\"elementor-widget-container\">\n\t\t\t<h2 class=\"elementor-heading-title elementor-size-default\">Contactez-nous<\/h2>\t\t<\/div>\n\t\t\t\t<\/div>\n\t\t\t\t<div class=\"elementor-element elementor-element-2cf259f elementor-widget elementor-widget-heading\" data-id=\"2cf259f\" data-element_type=\"widget\" data-widget_type=\"heading.default\">\n\t\t\t\t<div class=\"elementor-widget-container\">\n\t\t\t<h2 class=\"elementor-heading-title elementor-size-default\">pour en apprendre plus sur nos solutions : <\/h2>\t\t<\/div>\n\t\t\t\t<\/div>\n\t\t\t\t<div class=\"elementor-element elementor-element-54e78f9 elementor-widget elementor-widget-button\" data-id=\"54e78f9\" data-element_type=\"widget\" data-widget_type=\"button.default\">\n\t\t\t\t<div class=\"elementor-widget-container\">\n\t\t\t\t\t<div class=\"elementor-button-wrapper\">\n\t\t\t<a href=\"#\" class=\"elementor-button-link elementor-button elementor-size-sm\" role=\"button\">\n\t\t\t\t\t\t<span class=\"elementor-button-content-wrapper\">\n\t\t\t\t\t\t<span class=\"elementor-button-text\">info@synclusiv.com<\/span>\n\t\t<\/span>\n\t\t\t\t\t<\/a>\n\t\t<\/div>\n\t\t\t\t<\/div>\n\t\t\t\t<\/div>\n\t\t\t\t\t<\/div>\n\t\t<\/div>\n\t\t\t\t<div class=\"elementor-column elementor-col-50 elementor-inner-column elementor-element elementor-element-dd6cd34\" data-id=\"dd6cd34\" data-element_type=\"column\">\n\t\t\t<div class=\"elementor-widget-wrap\">\n\t\t\t\t\t\t\t\t\t<\/div>\n\t\t<\/div>\n\t\t\t\t\t\t\t<\/div>\n\t\t<\/section>\n\t\t\t\t\t<\/div>\n\t\t<\/div>\n\t\t\t\t\t\t\t<\/div>\n\t\t<\/section>\n\t\t\t\t\t\t\t<\/div>\n\t\t","protected":false},"excerpt":{"rendered":"<p>Programmes et services | Services-conseils Des approches plus globales, inclusives et centr\u00e9es sur l\u2019humain en mati\u00e8re de prise de d\u00e9cision sont n\u00e9cessaires pour r\u00e9aliser des progr\u00e8s durables et assurer l\u2019avenir des organisations canadiennes, ainsi que pour renforcer l\u2019engagement des employ\u00e9.e.s. Les services-conseils Synclusiv sont con\u00e7us pour faciliter le traitement des lacunes d\u00e9cel\u00e9es au moyen d\u2019actions [&hellip;]<\/p>\n","protected":false},"author":1,"featured_media":0,"parent":1984,"menu_order":0,"comment_status":"closed","ping_status":"closed","template":"","meta":{"inline_featured_image":false,"footnotes":""},"class_list":["post-1991","page","type-page","status-publish","hentry"],"acf":[],"_links":{"self":[{"href":"https:\/\/demo.logobee.com\/demo\/synclusive\/fr\/wp-json\/wp\/v2\/pages\/1991","targetHints":{"allow":["GET"]}}],"collection":[{"href":"https:\/\/demo.logobee.com\/demo\/synclusive\/fr\/wp-json\/wp\/v2\/pages"}],"about":[{"href":"https:\/\/demo.logobee.com\/demo\/synclusive\/fr\/wp-json\/wp\/v2\/types\/page"}],"author":[{"embeddable":true,"href":"https:\/\/demo.logobee.com\/demo\/synclusive\/fr\/wp-json\/wp\/v2\/users\/1"}],"replies":[{"embeddable":true,"href":"https:\/\/demo.logobee.com\/demo\/synclusive\/fr\/wp-json\/wp\/v2\/comments?post=1991"}],"version-history":[{"count":34,"href":"https:\/\/demo.logobee.com\/demo\/synclusive\/fr\/wp-json\/wp\/v2\/pages\/1991\/revisions"}],"predecessor-version":[{"id":4195,"href":"https:\/\/demo.logobee.com\/demo\/synclusive\/fr\/wp-json\/wp\/v2\/pages\/1991\/revisions\/4195"}],"up":[{"embeddable":true,"href":"https:\/\/demo.logobee.com\/demo\/synclusive\/fr\/wp-json\/wp\/v2\/pages\/1984"}],"wp:attachment":[{"href":"https:\/\/demo.logobee.com\/demo\/synclusive\/fr\/wp-json\/wp\/v2\/media?parent=1991"}],"curies":[{"name":"wp","href":"https:\/\/api.w.org\/{rel}","templated":true}]}}