{"id":1996,"date":"2022-03-10T13:25:21","date_gmt":"2022-03-10T13:25:21","guid":{"rendered":"https:\/\/demo.logobee.com\/demo\/synclusive\/?page_id=1996"},"modified":"2022-05-20T20:39:28","modified_gmt":"2022-05-20T20:39:28","slug":"leadership-development","status":"publish","type":"page","link":"https:\/\/demo.logobee.com\/demo\/synclusive\/fr\/programs-services\/leadership-development\/","title":{"rendered":"Programme de d\u00e9veloppement du leadership"},"content":{"rendered":"\t\t<div data-elementor-type=\"wp-page\" data-elementor-id=\"1996\" class=\"elementor elementor-1996 elementor-704\">\n\t\t\t\t\t\t\t\t\t<section class=\"elementor-section elementor-top-section elementor-element elementor-element-8cd235e elementor-section-boxed elementor-section-height-default elementor-section-height-default\" data-id=\"8cd235e\" data-element_type=\"section\" data-settings=\"{&quot;background_background&quot;:&quot;classic&quot;}\">\n\t\t\t\t\t\t<div class=\"elementor-container elementor-column-gap-default\">\n\t\t\t\t\t<div class=\"elementor-column elementor-col-100 elementor-top-column elementor-element elementor-element-2264f94\" data-id=\"2264f94\" data-element_type=\"column\">\n\t\t\t<div class=\"elementor-widget-wrap elementor-element-populated\">\n\t\t\t\t\t\t\t\t<section class=\"elementor-section elementor-inner-section elementor-element elementor-element-4166e69 elementor-section-boxed elementor-section-height-default elementor-section-height-default\" data-id=\"4166e69\" data-element_type=\"section\">\n\t\t\t\t\t\t<div class=\"elementor-container elementor-column-gap-default\">\n\t\t\t\t\t<div class=\"elementor-column elementor-col-50 elementor-inner-column elementor-element elementor-element-39f9eb0\" data-id=\"39f9eb0\" data-element_type=\"column\">\n\t\t\t<div class=\"elementor-widget-wrap elementor-element-populated\">\n\t\t\t\t\t\t\t\t<div class=\"elementor-element elementor-element-faaa4e7 elementor-invisible elementor-widget elementor-widget-heading\" data-id=\"faaa4e7\" data-element_type=\"widget\" data-settings=\"{&quot;_animation&quot;:&quot;slideInLeft&quot;}\" data-widget_type=\"heading.default\">\n\t\t\t\t<div class=\"elementor-widget-container\">\n\t\t\t<style>\/*! elementor - v3.10.0 - 09-01-2023 *\/\n.elementor-heading-title{padding:0;margin:0;line-height:1}.elementor-widget-heading .elementor-heading-title[class*=elementor-size-]>a{color:inherit;font-size:inherit;line-height:inherit}.elementor-widget-heading .elementor-heading-title.elementor-size-small{font-size:15px}.elementor-widget-heading .elementor-heading-title.elementor-size-medium{font-size:19px}.elementor-widget-heading .elementor-heading-title.elementor-size-large{font-size:29px}.elementor-widget-heading .elementor-heading-title.elementor-size-xl{font-size:39px}.elementor-widget-heading .elementor-heading-title.elementor-size-xxl{font-size:59px}<\/style><h1 class=\"elementor-heading-title elementor-size-default\">Programmes et services | <br><span>Programme de d\u00e9veloppement du leadership<\/span><\/h1>\t\t<\/div>\n\t\t\t\t<\/div>\n\t\t\t\t\t<\/div>\n\t\t<\/div>\n\t\t\t\t<div class=\"elementor-column elementor-col-50 elementor-inner-column elementor-element elementor-element-3fde408\" data-id=\"3fde408\" data-element_type=\"column\">\n\t\t\t<div class=\"elementor-widget-wrap\">\n\t\t\t\t\t\t\t\t\t<\/div>\n\t\t<\/div>\n\t\t\t\t\t\t\t<\/div>\n\t\t<\/section>\n\t\t\t\t<section class=\"elementor-section elementor-inner-section elementor-element elementor-element-2921cd6 elementor-section-boxed elementor-section-height-default elementor-section-height-default\" data-id=\"2921cd6\" data-element_type=\"section\">\n\t\t\t\t\t\t<div class=\"elementor-container elementor-column-gap-default\">\n\t\t\t\t\t<div class=\"elementor-column elementor-col-50 elementor-inner-column elementor-element elementor-element-716cc07\" data-id=\"716cc07\" data-element_type=\"column\">\n\t\t\t<div class=\"elementor-widget-wrap elementor-element-populated\">\n\t\t\t\t\t\t\t\t<div class=\"elementor-element elementor-element-4a69aa8 elementor-widget__width-inherit elementor-widget elementor-widget-text-editor\" data-id=\"4a69aa8\" data-element_type=\"widget\" data-widget_type=\"text-editor.default\">\n\t\t\t\t<div class=\"elementor-widget-container\">\n\t\t\t<style>\/*! elementor - v3.10.0 - 09-01-2023 *\/\n.elementor-widget-text-editor.elementor-drop-cap-view-stacked .elementor-drop-cap{background-color:#818a91;color:#fff}.elementor-widget-text-editor.elementor-drop-cap-view-framed .elementor-drop-cap{color:#818a91;border:3px solid;background-color:transparent}.elementor-widget-text-editor:not(.elementor-drop-cap-view-default) .elementor-drop-cap{margin-top:8px}.elementor-widget-text-editor:not(.elementor-drop-cap-view-default) .elementor-drop-cap-letter{width:1em;height:1em}.elementor-widget-text-editor .elementor-drop-cap{float:left;text-align:center;line-height:1;font-size:50px}.elementor-widget-text-editor .elementor-drop-cap-letter{display:inline-block}<\/style>\t\t\t\t<p>Chez Synclusiv, nous croyons fermement que les milieux de travail plus inclusifs qui favorisent la diversit\u00e9 obtiennent de meilleurs r\u00e9sultats sur le plan financier, de l\u2019innovation, de l\u2019engagement des employ\u00e9.e.s et des relations avec les clients. Nous reconnaissons toutefois que nous n\u2019avons pas encore atteint ces objectifs. Ce programme est con\u00e7u pour aider les femmes et les personnes issues de groupes sous-repr\u00e9sent\u00e9s \u00e0 relever les d\u00e9fis d\u2019un environnement de travail souvent homog\u00e8ne, o\u00f9 le leadership ne refl\u00e8te pas n\u00e9cessairement les groupes sous-repr\u00e9sent\u00e9s.<\/p>\t\t\t\t\t\t<\/div>\n\t\t\t\t<\/div>\n\t\t\t\t<div class=\"elementor-element elementor-element-58f137c elementor-widget elementor-widget-heading\" data-id=\"58f137c\" data-element_type=\"widget\" data-widget_type=\"heading.default\">\n\t\t\t\t<div class=\"elementor-widget-container\">\n\t\t\t<h2 class=\"elementor-heading-title elementor-size-default\">5 ateliers d'une demi-journ\u00e9e\n<div><br><\/div><\/h2>\t\t<\/div>\n\t\t\t\t<\/div>\n\t\t\t\t\t<\/div>\n\t\t<\/div>\n\t\t\t\t<div class=\"elementor-column elementor-col-50 elementor-inner-column elementor-element elementor-element-5f2924e elementor-invisible\" data-id=\"5f2924e\" data-element_type=\"column\" data-settings=\"{&quot;animation&quot;:&quot;slideInRight&quot;}\">\n\t\t\t<div class=\"elementor-widget-wrap elementor-element-populated\">\n\t\t\t\t\t\t\t\t<div class=\"elementor-element elementor-element-b238383 elementor-widget__width-initial elementor-widget-mobile__width-initial elementor-position-top elementor-vertical-align-top elementor-widget elementor-widget-image-box\" data-id=\"b238383\" data-element_type=\"widget\" data-widget_type=\"image-box.default\">\n\t\t\t\t<div class=\"elementor-widget-container\">\n\t\t\t<style>.elementor-widget-image-box .elementor-image-box-content{width:100%}@media (min-width:769px){.elementor-widget-image-box.elementor-position-left .elementor-image-box-wrapper,.elementor-widget-image-box.elementor-position-right .elementor-image-box-wrapper{display:flex}.elementor-widget-image-box.elementor-position-right .elementor-image-box-wrapper{text-align:right;flex-direction:row-reverse}.elementor-widget-image-box.elementor-position-left .elementor-image-box-wrapper{text-align:left;flex-direction:row}.elementor-widget-image-box.elementor-position-top .elementor-image-box-img{margin:auto}.elementor-widget-image-box.elementor-vertical-align-top .elementor-image-box-wrapper{align-items:flex-start}.elementor-widget-image-box.elementor-vertical-align-middle .elementor-image-box-wrapper{align-items:center}.elementor-widget-image-box.elementor-vertical-align-bottom .elementor-image-box-wrapper{align-items:flex-end}}@media (max-width:768px){.elementor-widget-image-box .elementor-image-box-img{margin-left:auto!important;margin-right:auto!important;margin-bottom:15px}}.elementor-widget-image-box .elementor-image-box-img{display:inline-block}.elementor-widget-image-box .elementor-image-box-title a{color:inherit}.elementor-widget-image-box .elementor-image-box-wrapper{text-align:center}.elementor-widget-image-box .elementor-image-box-description{margin:0}<\/style><div class=\"elementor-image-box-wrapper\"><figure class=\"elementor-image-box-img\"><img loading=\"lazy\" decoding=\"async\" width=\"180\" height=\"207\" src=\"https:\/\/demo.logobee.com\/demo\/synclusive\/wp-content\/uploads\/2022\/03\/Asset-5.png\" class=\"attachment-full size-full wp-image-717\" alt=\"\" \/><\/figure><div class=\"elementor-image-box-content\"><h3 class=\"elementor-image-box-title\">Module 1<\/h3><p class=\"elementor-image-box-description\">Conna\u00eetre son<br>profil de <br>leadership<\/p><\/div><\/div>\t\t<\/div>\n\t\t\t\t<\/div>\n\t\t\t\t<div class=\"elementor-element elementor-element-6ed3164 elementor-widget__width-initial elementor-widget-mobile__width-initial elementor-position-top elementor-vertical-align-top elementor-widget elementor-widget-image-box\" data-id=\"6ed3164\" data-element_type=\"widget\" data-widget_type=\"image-box.default\">\n\t\t\t\t<div class=\"elementor-widget-container\">\n\t\t\t<div class=\"elementor-image-box-wrapper\"><figure class=\"elementor-image-box-img\"><img loading=\"lazy\" decoding=\"async\" width=\"179\" height=\"207\" src=\"https:\/\/demo.logobee.com\/demo\/synclusive\/wp-content\/uploads\/2022\/03\/Asset-1-3.png\" class=\"attachment-full size-full wp-image-718\" alt=\"\" \/><\/figure><div class=\"elementor-image-box-content\"><h3 class=\"elementor-image-box-title\">Module 2<\/h3><p class=\"elementor-image-box-description\">Tirer parti\nde votre caract\u00e8re <br>unique<\/p><\/div><\/div>\t\t<\/div>\n\t\t\t\t<\/div>\n\t\t\t\t<div class=\"elementor-element elementor-element-07199a8 elementor-widget__width-initial elementor-widget-mobile__width-initial elementor-position-top elementor-vertical-align-top elementor-widget elementor-widget-image-box\" data-id=\"07199a8\" data-element_type=\"widget\" data-widget_type=\"image-box.default\">\n\t\t\t\t<div class=\"elementor-widget-container\">\n\t\t\t<div class=\"elementor-image-box-wrapper\"><figure class=\"elementor-image-box-img\"><img loading=\"lazy\" decoding=\"async\" width=\"179\" height=\"207\" src=\"https:\/\/demo.logobee.com\/demo\/synclusive\/wp-content\/uploads\/2022\/03\/Asset-2.png\" class=\"attachment-full size-full wp-image-737\" alt=\"\" \/><\/figure><div class=\"elementor-image-box-content\"><h3 class=\"elementor-image-box-title\">Module 3<\/h3><p class=\"elementor-image-box-description\">N\u00e9gociations<br>\nau travail <\/p><\/div><\/div>\t\t<\/div>\n\t\t\t\t<\/div>\n\t\t\t\t<div class=\"elementor-element elementor-element-d613a25 elementor-widget__width-initial elementor-widget-mobile__width-initial elementor-position-top elementor-vertical-align-top elementor-widget elementor-widget-image-box\" data-id=\"d613a25\" data-element_type=\"widget\" data-widget_type=\"image-box.default\">\n\t\t\t\t<div class=\"elementor-widget-container\">\n\t\t\t<div class=\"elementor-image-box-wrapper\"><figure class=\"elementor-image-box-img\"><img loading=\"lazy\" decoding=\"async\" width=\"179\" height=\"207\" src=\"https:\/\/demo.logobee.com\/demo\/synclusive\/wp-content\/uploads\/2022\/03\/Asset-4.png\" class=\"attachment-full size-full wp-image-720\" alt=\"\" \/><\/figure><div class=\"elementor-image-box-content\"><h3 class=\"elementor-image-box-title\">Module 4<\/h3><p class=\"elementor-image-box-description\">Influencer\npour avoir un impact<\/p><\/div><\/div>\t\t<\/div>\n\t\t\t\t<\/div>\n\t\t\t\t<div class=\"elementor-element elementor-element-87d54e7 elementor-widget__width-initial elementor-widget-mobile__width-initial elementor-position-top elementor-vertical-align-top elementor-widget elementor-widget-image-box\" data-id=\"87d54e7\" data-element_type=\"widget\" data-widget_type=\"image-box.default\">\n\t\t\t\t<div class=\"elementor-widget-container\">\n\t\t\t<div class=\"elementor-image-box-wrapper\"><figure class=\"elementor-image-box-img\"><img loading=\"lazy\" decoding=\"async\" width=\"179\" height=\"207\" src=\"https:\/\/demo.logobee.com\/demo\/synclusive\/wp-content\/uploads\/2022\/03\/Asset-3-1.png\" class=\"attachment-full size-full wp-image-719\" alt=\"\" \/><\/figure><div class=\"elementor-image-box-content\"><h3 class=\"elementor-image-box-title\">Module 5<\/h3><p class=\"elementor-image-box-description\">Construire votre\navenir<\/p><\/div><\/div>\t\t<\/div>\n\t\t\t\t<\/div>\n\t\t\t\t\t<\/div>\n\t\t<\/div>\n\t\t\t\t\t\t\t<\/div>\n\t\t<\/section>\n\t\t\t\t\t<\/div>\n\t\t<\/div>\n\t\t\t\t\t\t\t<\/div>\n\t\t<\/section>\n\t\t\t\t<section class=\"elementor-section elementor-top-section elementor-element elementor-element-bff0e51 elementor-section-full_width elementor-section-height-default elementor-section-height-default\" data-id=\"bff0e51\" data-element_type=\"section\" data-settings=\"{&quot;background_background&quot;:&quot;classic&quot;}\">\n\t\t\t\t\t\t<div class=\"elementor-container elementor-column-gap-default\">\n\t\t\t\t\t<div class=\"elementor-column elementor-col-100 elementor-top-column elementor-element elementor-element-040ca17\" data-id=\"040ca17\" data-element_type=\"column\">\n\t\t\t<div class=\"elementor-widget-wrap elementor-element-populated\">\n\t\t\t\t\t\t\t\t<section class=\"elementor-section elementor-inner-section elementor-element elementor-element-e42acab elementor-section-full_width elementor-section-content-bottom elementor-reverse-mobile elementor-section-height-default elementor-section-height-default\" data-id=\"e42acab\" data-element_type=\"section\">\n\t\t\t\t\t\t<div class=\"elementor-container elementor-column-gap-default\">\n\t\t\t\t\t<div class=\"elementor-column elementor-col-50 elementor-inner-column elementor-element elementor-element-e7f1340\" data-id=\"e7f1340\" data-element_type=\"column\">\n\t\t\t<div class=\"elementor-widget-wrap elementor-element-populated\">\n\t\t\t\t\t\t\t\t<div class=\"elementor-element elementor-element-12b07c2 elementor-widget elementor-widget-image\" data-id=\"12b07c2\" data-element_type=\"widget\" data-widget_type=\"image.default\">\n\t\t\t\t<div class=\"elementor-widget-container\">\n\t\t\t<style>\/*! elementor - v3.10.0 - 09-01-2023 *\/\n.elementor-widget-image{text-align:center}.elementor-widget-image a{display:inline-block}.elementor-widget-image a img[src$=\".svg\"]{width:48px}.elementor-widget-image img{vertical-align:middle;display:inline-block}<\/style>\t\t\t\t\t\t\t\t\t\t\t\t<img loading=\"lazy\" decoding=\"async\" width=\"678\" height=\"288\" src=\"https:\/\/demo.logobee.com\/demo\/synclusive\/wp-content\/uploads\/2022\/05\/1652472232-php8kmhHf-1.png\" class=\"attachment-large size-large wp-image-3987\" alt=\"\" srcset=\"https:\/\/demo.logobee.com\/demo\/synclusive\/wp-content\/uploads\/2022\/05\/1652472232-php8kmhHf-1.png 678w, https:\/\/demo.logobee.com\/demo\/synclusive\/wp-content\/uploads\/2022\/05\/1652472232-php8kmhHf-1-300x127.png 300w\" sizes=\"auto, (max-width: 678px) 100vw, 678px\" \/>\t\t\t\t\t\t\t\t\t\t\t\t\t\t\t<\/div>\n\t\t\t\t<\/div>\n\t\t\t\t\t<\/div>\n\t\t<\/div>\n\t\t\t\t<div class=\"elementor-column elementor-col-50 elementor-inner-column elementor-element elementor-element-0e4073f\" data-id=\"0e4073f\" data-element_type=\"column\">\n\t\t\t<div class=\"elementor-widget-wrap elementor-element-populated\">\n\t\t\t\t\t\t\t\t<div class=\"elementor-element elementor-element-0057a63 elementor-widget elementor-widget-heading\" data-id=\"0057a63\" data-element_type=\"widget\" data-widget_type=\"heading.default\">\n\t\t\t\t<div class=\"elementor-widget-container\">\n\t\t\t<h2 class=\"elementor-heading-title elementor-size-default\">Contactez-nous\u200b<\/h2>\t\t<\/div>\n\t\t\t\t<\/div>\n\t\t\t\t<div class=\"elementor-element elementor-element-ed5131c elementor-widget elementor-widget-heading\" data-id=\"ed5131c\" data-element_type=\"widget\" data-widget_type=\"heading.default\">\n\t\t\t\t<div class=\"elementor-widget-container\">\n\t\t\t<h2 class=\"elementor-heading-title elementor-size-default\">pour en apprendre plus sur nos solutions :<\/h2>\t\t<\/div>\n\t\t\t\t<\/div>\n\t\t\t\t<div class=\"elementor-element elementor-element-e44a921 elementor-widget elementor-widget-button\" data-id=\"e44a921\" data-element_type=\"widget\" data-widget_type=\"button.default\">\n\t\t\t\t<div class=\"elementor-widget-container\">\n\t\t\t\t\t<div class=\"elementor-button-wrapper\">\n\t\t\t<a href=\"#\" class=\"elementor-button-link elementor-button elementor-size-sm\" role=\"button\">\n\t\t\t\t\t\t<span class=\"elementor-button-content-wrapper\">\n\t\t\t\t\t\t<span class=\"elementor-button-text\">info@synclusiv.com<\/span>\n\t\t<\/span>\n\t\t\t\t\t<\/a>\n\t\t<\/div>\n\t\t\t\t<\/div>\n\t\t\t\t<\/div>\n\t\t\t\t\t<\/div>\n\t\t<\/div>\n\t\t\t\t\t\t\t<\/div>\n\t\t<\/section>\n\t\t\t\t\t<\/div>\n\t\t<\/div>\n\t\t\t\t\t\t\t<\/div>\n\t\t<\/section>\n\t\t\t\t\t\t\t<\/div>\n\t\t","protected":false},"excerpt":{"rendered":"<p>Programmes et services | Programme de d\u00e9veloppement du leadership Chez Synclusiv, nous croyons fermement que les milieux de travail plus inclusifs qui favorisent la diversit\u00e9 obtiennent de meilleurs r\u00e9sultats sur le plan financier, de l\u2019innovation, de l\u2019engagement des employ\u00e9.e.s et des relations avec les clients. Nous reconnaissons toutefois que nous n\u2019avons pas encore atteint ces [&hellip;]<\/p>\n","protected":false},"author":1,"featured_media":0,"parent":1984,"menu_order":0,"comment_status":"closed","ping_status":"closed","template":"","meta":{"inline_featured_image":false,"footnotes":""},"class_list":["post-1996","page","type-page","status-publish","hentry"],"acf":[],"_links":{"self":[{"href":"https:\/\/demo.logobee.com\/demo\/synclusive\/fr\/wp-json\/wp\/v2\/pages\/1996","targetHints":{"allow":["GET"]}}],"collection":[{"href":"https:\/\/demo.logobee.com\/demo\/synclusive\/fr\/wp-json\/wp\/v2\/pages"}],"about":[{"href":"https:\/\/demo.logobee.com\/demo\/synclusive\/fr\/wp-json\/wp\/v2\/types\/page"}],"author":[{"embeddable":true,"href":"https:\/\/demo.logobee.com\/demo\/synclusive\/fr\/wp-json\/wp\/v2\/users\/1"}],"replies":[{"embeddable":true,"href":"https:\/\/demo.logobee.com\/demo\/synclusive\/fr\/wp-json\/wp\/v2\/comments?post=1996"}],"version-history":[{"count":64,"href":"https:\/\/demo.logobee.com\/demo\/synclusive\/fr\/wp-json\/wp\/v2\/pages\/1996\/revisions"}],"predecessor-version":[{"id":4100,"href":"https:\/\/demo.logobee.com\/demo\/synclusive\/fr\/wp-json\/wp\/v2\/pages\/1996\/revisions\/4100"}],"up":[{"embeddable":true,"href":"https:\/\/demo.logobee.com\/demo\/synclusive\/fr\/wp-json\/wp\/v2\/pages\/1984"}],"wp:attachment":[{"href":"https:\/\/demo.logobee.com\/demo\/synclusive\/fr\/wp-json\/wp\/v2\/media?parent=1996"}],"curies":[{"name":"wp","href":"https:\/\/api.w.org\/{rel}","templated":true}]}}